{"id":1657,"date":"2022-10-19T11:45:09","date_gmt":"2022-10-19T11:45:09","guid":{"rendered":"https:\/\/www.airnivol.com\/apertura-account\/"},"modified":"2022-10-20T06:50:18","modified_gmt":"2022-10-20T06:50:18","slug":"ouverture-de-compte","status":"publish","type":"page","link":"https:\/\/www.airnivol.com\/fr\/ouverture-de-compte\/","title":{"rendered":"Ouverture de compte"},"content":{"rendered":"<div class=\"wpcf7 no-js\" id=\"wpcf7-f1654-o1\" lang=\"fr-FR\" dir=\"ltr\">\n<div class=\"screen-reader-response\"><p role=\"status\" aria-live=\"polite\" aria-atomic=\"true\"><\/p> <ul><\/ul><\/div>\n<form action=\"\/fr\/wp-json\/wp\/v2\/pages\/1657#wpcf7-f1654-o1\" method=\"post\" class=\"wpcf7-form init\" aria-label=\"Formulaire de contact\" novalidate=\"novalidate\" data-status=\"init\">\n<div style=\"display: none;\">\n<input type=\"hidden\" name=\"_wpcf7\" value=\"1654\" \/>\n<input type=\"hidden\" name=\"_wpcf7_version\" value=\"5.7.1\" \/>\n<input type=\"hidden\" name=\"_wpcf7_locale\" value=\"fr_FR\" \/>\n<input type=\"hidden\" name=\"_wpcf7_unit_tag\" value=\"wpcf7-f1654-o1\" \/>\n<input type=\"hidden\" name=\"_wpcf7_container_post\" value=\"0\" \/>\n<input type=\"hidden\" name=\"_wpcf7_posted_data_hash\" value=\"\" \/>\n<input type=\"hidden\" name=\"_wpcf7_recaptcha_response\" value=\"\" \/>\n<\/div>\n<div class=\"row\">\n\t<div class=\"col-5 form-label\">\n\t\t<p>Docteur\n\t\t<\/p>\n\t<\/div>\n\t<div class=\"col-7\">\n\t\t<p><span class=\"wpcf7-form-control-wrap\" data-name=\"dottore\"><input size=\"40\" class=\"wpcf7-form-control wpcf7-text wpcf7-validates-as-required\" aria-required=\"true\" aria-invalid=\"false\" value=\"\" type=\"text\" name=\"dottore\" \/><\/span>\n\t\t<\/p>\n\t<\/div>\n\t<div class=\"col-5 form-label\">\n\t\t<p>Cabinet dentaire\n\t\t<\/p>\n\t<\/div>\n\t<div class=\"col-7\">\n\t\t<p><span class=\"wpcf7-form-control-wrap\" data-name=\"studio\"><input size=\"40\" class=\"wpcf7-form-control wpcf7-text wpcf7-validates-as-required\" aria-required=\"true\" aria-invalid=\"false\" value=\"\" type=\"text\" name=\"studio\" \/><\/span>\n\t\t<\/p>\n\t<\/div>\n\t<div class=\"col-5 form-label\">\n\t\t<p>Email\n\t\t<\/p>\n\t<\/div>\n\t<div class=\"col-7\">\n\t\t<p><span class=\"wpcf7-form-control-wrap\" data-name=\"your-email\"><input size=\"40\" class=\"wpcf7-form-control wpcf7-text wpcf7-email wpcf7-validates-as-required wpcf7-validates-as-email\" aria-required=\"true\" aria-invalid=\"false\" value=\"\" type=\"email\" name=\"your-email\" \/><\/span>\n\t\t<\/p>\n\t<\/div>\n\t<div class=\"col-5 form-label\">\n\t\t<p>Num\u00e9ro de t\u00e9l\u00e9phone portable\n\t\t<\/p>\n\t<\/div>\n\t<div class=\"col-7\">\n\t\t<p><span class=\"wpcf7-form-control-wrap\" data-name=\"tel-224\"><input size=\"40\" class=\"wpcf7-form-control wpcf7-text wpcf7-tel wpcf7-validates-as-tel\" aria-invalid=\"false\" value=\"\" type=\"tel\" name=\"tel-224\" \/><\/span>\n\t\t<\/p>\n\t<\/div>\n\t<div class=\"col-5 form-label\">\n\t\t<p>Num\u00e9ro de Cabinet dentaire\n\t\t<\/p>\n\t<\/div>\n\t<div class=\"col-7\">\n\t\t<p><span class=\"wpcf7-form-control-wrap\" data-name=\"tel-225\"><input size=\"40\" class=\"wpcf7-form-control wpcf7-text wpcf7-tel wpcf7-validates-as-tel\" aria-invalid=\"false\" value=\"\" type=\"tel\" name=\"tel-225\" \/><\/span>\n\t\t<\/p>\n\t<\/div>\n\t<div class=\"col-5 form-label\">\n\t\t<p>Num\u00e9ro de TVA\n\t\t<\/p>\n\t<\/div>\n\t<div class=\"col-7\">\n\t\t<p><span class=\"wpcf7-form-control-wrap\" data-name=\"Numero\"><input size=\"40\" class=\"wpcf7-form-control wpcf7-text wpcf7-validates-as-required\" aria-required=\"true\" aria-invalid=\"false\" value=\"\" type=\"text\" name=\"Numero\" \/><\/span>\n\t\t<\/p>\n\t<\/div>\n\t<div class=\"col-5 form-label\">\n\t\t<p>Code Unique\n\t\t<\/p>\n\t<\/div>\n\t<div class=\"col-7\">\n\t\t<p><span class=\"wpcf7-form-control-wrap\" data-name=\"Code\"><input size=\"40\" class=\"wpcf7-form-control wpcf7-text wpcf7-validates-as-required\" aria-required=\"true\" aria-invalid=\"false\" value=\"\" type=\"text\" name=\"Code\" \/><\/span>\n\t\t<\/p>\n\t<\/div>\n\t<div class=\"col-5 form-label\">\n\t\t<p>Adresse\n\t\t<\/p>\n\t<\/div>\n\t<div class=\"col-7\">\n\t\t<p><span class=\"wpcf7-form-control-wrap\" data-name=\"indirizzo\"><input size=\"40\" class=\"wpcf7-form-control wpcf7-text\" aria-invalid=\"false\" value=\"\" type=\"text\" name=\"indirizzo\" \/><\/span>\n\t\t<\/p>\n\t<\/div>\n\t<div class=\"col-5 form-label\">\n\t\t<p>Code Postal\n\t\t<\/p>\n\t<\/div>\n\t<div class=\"col-7\">\n\t\t<p><span class=\"wpcf7-form-control-wrap\" data-name=\"cap\"><input size=\"40\" class=\"wpcf7-form-control wpcf7-text\" aria-invalid=\"false\" value=\"\" type=\"text\" name=\"cap\" \/><\/span>\n\t\t<\/p>\n\t<\/div>\n\t<div class=\"col-5 form-label\">\n\t\t<p>Ville\n\t\t<\/p>\n\t<\/div>\n\t<div class=\"col-7\">\n\t\t<p><span class=\"wpcf7-form-control-wrap\" data-name=\"citta\"><input size=\"40\" class=\"wpcf7-form-control wpcf7-text\" aria-invalid=\"false\" value=\"\" type=\"text\" name=\"citta\" \/><\/span>\n\t\t<\/p>\n\t<\/div>\n\t<div class=\"col-5 form-label\">\n\t\t<p>\u00c9tat \/ Province \/ R\u00e9gion\n\t\t<\/p>\n\t<\/div>\n\t<div class=\"col-7\">\n\t\t<p><span class=\"wpcf7-form-control-wrap\" data-name=\"stato\"><input size=\"40\" class=\"wpcf7-form-control wpcf7-text\" aria-invalid=\"false\" value=\"\" type=\"text\" name=\"stato\" \/><\/span>\n\t\t<\/p>\n\t<\/div>\n\t<div class=\"col-5 form-label\">\n\t\t<p>Facebook\n\t\t<\/p>\n\t<\/div>\n\t<div class=\"col-7\">\n\t\t<p><span class=\"wpcf7-form-control-wrap\" data-name=\"facebook\"><input size=\"40\" class=\"wpcf7-form-control wpcf7-text\" aria-invalid=\"false\" value=\"\" type=\"text\" name=\"facebook\" \/><\/span>\n\t\t<\/p>\n\t<\/div>\n\t<div class=\"col-5 form-label mt-4\">\n\t\t<p>Comment nous avez-vous connus?\n\t\t<\/p>\n\t<\/div>\n\t<div class=\"col-7 mt-4\">\n\t\t<p><span class=\"wpcf7-form-control-wrap\" data-name=\"radio-459\"><span class=\"wpcf7-form-control wpcf7-radio\"><span class=\"wpcf7-list-item first\"><label><input type=\"radio\" name=\"radio-459\" value=\"Distributeur \/ Agent de vente\" checked=\"checked\" tabindex=\"\" \/><span class=\"wpcf7-list-item-label\">Distributeur \/ Agent de vente<\/span><\/label><\/span><span class=\"wpcf7-list-item\"><label><input type=\"radio\" name=\"radio-459\" value=\"R\u00e9seaux sociaux\" tabindex=\"\" \/><span class=\"wpcf7-list-item-label\">R\u00e9seaux sociaux<\/span><\/label><\/span><span class=\"wpcf7-list-item\"><label><input type=\"radio\" name=\"radio-459\" value=\"Site web d&#039;AirNivol\" tabindex=\"\" \/><span class=\"wpcf7-list-item-label\">Site web d&#039;AirNivol<\/span><\/label><\/span><span class=\"wpcf7-list-item\"><label><input type=\"radio\" name=\"radio-459\" value=\"Publicit\u00e9 sur un magazine\" tabindex=\"\" \/><span class=\"wpcf7-list-item-label\">Publicit\u00e9 sur un magazine<\/span><\/label><\/span><span class=\"wpcf7-list-item\"><label><input type=\"radio\" name=\"radio-459\" value=\"Par un coll\u00e8gue\" tabindex=\"\" \/><span class=\"wpcf7-list-item-label\">Par un coll\u00e8gue<\/span><\/label><\/span><span class=\"wpcf7-list-item last\"><label><input type=\"radio\" name=\"radio-459\" value=\"Autre\" tabindex=\"\" \/><span class=\"wpcf7-list-item-label\">Autre<\/span><\/label><\/span><\/span><\/span>\n\t\t<\/p>\n\t<\/div>\n\t<div class=\"col-5 form-label\">\n\t\t<p>Si vous avez choisi \"Autre\", veuillez pr\u00e9ciser:\n\t\t<\/p>\n\t<\/div>\n\t<div class=\"col-7\">\n\t\t<p><span class=\"wpcf7-form-control-wrap\" data-name=\"altro-conoscenza\"><input size=\"40\" class=\"wpcf7-form-control wpcf7-text\" aria-invalid=\"false\" value=\"\" type=\"text\" name=\"altro-conoscenza\" \/><\/span>\n\t\t<\/p>\n\t<\/div>\n\t<div class=\"col-5 form-label mt-4\">\n\t\t<p>Avez-vous d\u00e9j\u00e0 trait\u00e9 des cas d'orthodontie en utilisant des goutti\u00e8res transparentes?\n\t\t<\/p>\n\t<\/div>\n\t<div class=\"col-7 mt-4\">\n\t\t<p><span class=\"wpcf7-form-control-wrap\" data-name=\"radio-460\"><span class=\"wpcf7-form-control wpcf7-radio\"><span class=\"wpcf7-list-item first\"><label><input type=\"radio\" name=\"radio-460\" value=\"Oui, j&#039;ai d\u00e9j\u00e0 utilis\u00e9 des goutti\u00e8res Airnivol\" checked=\"checked\" tabindex=\"\" \/><span class=\"wpcf7-list-item-label\">Oui, j&#039;ai d\u00e9j\u00e0 utilis\u00e9 des goutti\u00e8res Airnivol<\/span><\/label><\/span><span class=\"wpcf7-list-item\"><label><input type=\"radio\" name=\"radio-460\" value=\"Oui, j&#039;ai utilis\u00e9 d&#039;autres marques de goutti\u00e8res\" tabindex=\"\" \/><span class=\"wpcf7-list-item-label\">Oui, j&#039;ai utilis\u00e9 d&#039;autres marques de goutti\u00e8res<\/span><\/label><\/span><span class=\"wpcf7-list-item\"><label><input type=\"radio\" name=\"radio-460\" value=\"Non, j&#039;ai toujours utilis\u00e9 d&#039;autres syst\u00e8mes orthodontiques\" tabindex=\"\" \/><span class=\"wpcf7-list-item-label\">Non, j&#039;ai toujours utilis\u00e9 d&#039;autres syst\u00e8mes orthodontiques<\/span><\/label><\/span><span class=\"wpcf7-list-item last\"><label><input type=\"radio\" name=\"radio-460\" value=\"Autre\" tabindex=\"\" \/><span class=\"wpcf7-list-item-label\">Autre<\/span><\/label><\/span><\/span><\/span>\n\t\t<\/p>\n\t<\/div>\n\t<div class=\"col-5 form-label\">\n\t\t<p>Si vous avez choisi \"Autre\", veuillez pr\u00e9ciser:\n\t\t<\/p>\n\t<\/div>\n\t<div class=\"col-7\">\n\t\t<p><span class=\"wpcf7-form-control-wrap\" data-name=\"altro-casi\"><input size=\"40\" class=\"wpcf7-form-control wpcf7-text\" aria-invalid=\"false\" value=\"\" type=\"text\" name=\"altro-casi\" \/><\/span>\n\t\t<\/p>\n\t<\/div>\n\t<div class=\"col-5 form-label mt-4\">\n\t\t<p>Avez-vous suivi un cours de certification AirNivol ?\n\t\t<\/p>\n\t<\/div>\n\t<div class=\"col-7 mt-4\">\n\t\t<p><span class=\"wpcf7-form-control-wrap\" data-name=\"radio-461\"><span class=\"wpcf7-form-control wpcf7-radio\"><span class=\"wpcf7-list-item first\"><label><input type=\"radio\" name=\"radio-461\" value=\"Oui\" checked=\"checked\" tabindex=\"\" \/><span class=\"wpcf7-list-item-label\">Oui<\/span><\/label><\/span><span class=\"wpcf7-list-item last\"><label><input type=\"radio\" name=\"radio-461\" value=\"Non\" tabindex=\"\" \/><span class=\"wpcf7-list-item-label\">Non<\/span><\/label><\/span><\/span><\/span>\n\t\t<\/p>\n\t<\/div>\n\t<div class=\"col-5 form-label mt-4\">\n\t\t<p>Je donne mon accord pour la publication sur le site <a href=\"https:\/\/www.airnivol.com\">www.airnivol.com<\/a>), dans la rubrique \"recherche de dentistes\".\n\t\t<\/p>\n\t<\/div>\n\t<div class=\"col-7 mt-4\">\n\t\t<p><span class=\"wpcf7-form-control-wrap\" data-name=\"radio-462\"><span class=\"wpcf7-form-control wpcf7-radio\"><span class=\"wpcf7-list-item first\"><label><input type=\"radio\" name=\"radio-462\" value=\"Oui\" checked=\"checked\" tabindex=\"\" \/><span class=\"wpcf7-list-item-label\">Oui<\/span><\/label><\/span><span class=\"wpcf7-list-item last\"><label><input type=\"radio\" name=\"radio-462\" value=\"Non\" tabindex=\"\" \/><span class=\"wpcf7-list-item-label\">Non<\/span><\/label><\/span><\/span><\/span>\n\t\t<\/p>\n\t<\/div>\n<\/div>\n<div class=\"row\">\n\t<div class=\"col-6\">\n\t<\/div>\n\t<div class=\"col-6 accettazione-txt form-label\">\n\t\t<p><input class=\"wpcf7-form-control has-spinner wpcf7-submit\" type=\"submit\" value=\"ENVOYER\" \/>\n\t\t<\/p>\n\t<\/div>\n<\/div><div class=\"wpcf7-response-output\" aria-hidden=\"true\"><\/div><\/form><\/div>\n","protected":false},"excerpt":{"rendered":"<p> [&#8230;]<\/p>\n<p><a class=\"btn btn-secondary understrap-read-more-link\" href=\"https:\/\/www.airnivol.com\/fr\/ouverture-de-compte\/\">Lire la suite\u2026<span class=\"screen-reader-text\"> from Ouverture de compte<\/span><\/a><\/p>\n","protected":false},"author":1,"featured_media":0,"parent":0,"menu_order":0,"comment_status":"closed","ping_status":"closed","template":"","meta":{"footnotes":""},"class_list":["post-1657","page","type-page","status-publish","hentry"],"acf":[],"yoast_head":"<!-- This site is optimized with the Yoast SEO plugin v19.13 - https:\/\/yoast.com\/wordpress\/plugins\/seo\/ -->\n<title>Ouverture de compte | AirNivol<\/title>\n<meta name=\"robots\" content=\"index, follow, max-snippet:-1, max-image-preview:large, max-video-preview:-1\" \/>\n<link rel=\"canonical\" href=\"https:\/\/www.airnivol.com\/fr\/ouverture-de-compte\/\" \/>\n<meta property=\"og:locale\" content=\"fr_FR\" \/>\n<meta property=\"og:type\" content=\"article\" \/>\n<meta property=\"og:title\" content=\"Ouverture de compte | AirNivol\" \/>\n<meta property=\"og:description\" content=\"[...]Lire la suite\u2026 from Ouverture de compte\" \/>\n<meta property=\"og:url\" content=\"https:\/\/www.airnivol.com\/fr\/ouverture-de-compte\/\" \/>\n<meta property=\"og:site_name\" content=\"AirNivol\" \/>\n<meta property=\"article:modified_time\" content=\"2022-10-20T06:50:18+00:00\" \/>\n<meta name=\"twitter:card\" content=\"summary_large_image\" \/>\n<script type=\"application\/ld+json\" class=\"yoast-schema-graph\">{\"@context\":\"https:\/\/schema.org\",\"@graph\":[{\"@type\":\"WebPage\",\"@id\":\"https:\/\/www.airnivol.com\/fr\/ouverture-de-compte\/\",\"url\":\"https:\/\/www.airnivol.com\/fr\/ouverture-de-compte\/\",\"name\":\"Ouverture de compte | AirNivol\",\"isPartOf\":{\"@id\":\"https:\/\/www.airnivol.com\/#website\"},\"datePublished\":\"2022-10-19T11:45:09+00:00\",\"dateModified\":\"2022-10-20T06:50:18+00:00\",\"breadcrumb\":{\"@id\":\"https:\/\/www.airnivol.com\/fr\/ouverture-de-compte\/#breadcrumb\"},\"inLanguage\":\"fr-FR\",\"potentialAction\":[{\"@type\":\"ReadAction\",\"target\":[\"https:\/\/www.airnivol.com\/fr\/ouverture-de-compte\/\"]}]},{\"@type\":\"BreadcrumbList\",\"@id\":\"https:\/\/www.airnivol.com\/fr\/ouverture-de-compte\/#breadcrumb\",\"itemListElement\":[{\"@type\":\"ListItem\",\"position\":1,\"name\":\"Home\",\"item\":\"https:\/\/www.airnivol.com\/fr\/\"},{\"@type\":\"ListItem\",\"position\":2,\"name\":\"Ouverture de compte\"}]},{\"@type\":\"WebSite\",\"@id\":\"https:\/\/www.airnivol.com\/#website\",\"url\":\"https:\/\/www.airnivol.com\/\",\"name\":\"AirNivol\",\"description\":\"\",\"publisher\":{\"@id\":\"https:\/\/www.airnivol.com\/#organization\"},\"potentialAction\":[{\"@type\":\"SearchAction\",\"target\":{\"@type\":\"EntryPoint\",\"urlTemplate\":\"https:\/\/www.airnivol.com\/?s={search_term_string}\"},\"query-input\":\"required name=search_term_string\"}],\"inLanguage\":\"fr-FR\"},{\"@type\":\"Organization\",\"@id\":\"https:\/\/www.airnivol.com\/#organization\",\"name\":\"AirNivol\",\"url\":\"https:\/\/www.airnivol.com\/\",\"logo\":{\"@type\":\"ImageObject\",\"inLanguage\":\"fr-FR\",\"@id\":\"https:\/\/www.airnivol.com\/#\/schema\/logo\/image\/\",\"url\":\"https:\/\/www.airnivol.com\/wp-content\/uploads\/2022\/10\/logo-1.png\",\"contentUrl\":\"https:\/\/www.airnivol.com\/wp-content\/uploads\/2022\/10\/logo-1.png\",\"width\":376,\"height\":84,\"caption\":\"AirNivol\"},\"image\":{\"@id\":\"https:\/\/www.airnivol.com\/#\/schema\/logo\/image\/\"}}]}<\/script>\n<!-- \/ Yoast SEO plugin. -->","yoast_head_json":{"title":"Ouverture de compte | AirNivol","robots":{"index":"index","follow":"follow","max-snippet":"max-snippet:-1","max-image-preview":"max-image-preview:large","max-video-preview":"max-video-preview:-1"},"canonical":"https:\/\/www.airnivol.com\/fr\/ouverture-de-compte\/","og_locale":"fr_FR","og_type":"article","og_title":"Ouverture de compte | AirNivol","og_description":"[...]Lire la suite\u2026 from Ouverture de compte","og_url":"https:\/\/www.airnivol.com\/fr\/ouverture-de-compte\/","og_site_name":"AirNivol","article_modified_time":"2022-10-20T06:50:18+00:00","twitter_card":"summary_large_image","schema":{"@context":"https:\/\/schema.org","@graph":[{"@type":"WebPage","@id":"https:\/\/www.airnivol.com\/fr\/ouverture-de-compte\/","url":"https:\/\/www.airnivol.com\/fr\/ouverture-de-compte\/","name":"Ouverture de compte | AirNivol","isPartOf":{"@id":"https:\/\/www.airnivol.com\/#website"},"datePublished":"2022-10-19T11:45:09+00:00","dateModified":"2022-10-20T06:50:18+00:00","breadcrumb":{"@id":"https:\/\/www.airnivol.com\/fr\/ouverture-de-compte\/#breadcrumb"},"inLanguage":"fr-FR","potentialAction":[{"@type":"ReadAction","target":["https:\/\/www.airnivol.com\/fr\/ouverture-de-compte\/"]}]},{"@type":"BreadcrumbList","@id":"https:\/\/www.airnivol.com\/fr\/ouverture-de-compte\/#breadcrumb","itemListElement":[{"@type":"ListItem","position":1,"name":"Home","item":"https:\/\/www.airnivol.com\/fr\/"},{"@type":"ListItem","position":2,"name":"Ouverture de compte"}]},{"@type":"WebSite","@id":"https:\/\/www.airnivol.com\/#website","url":"https:\/\/www.airnivol.com\/","name":"AirNivol","description":"","publisher":{"@id":"https:\/\/www.airnivol.com\/#organization"},"potentialAction":[{"@type":"SearchAction","target":{"@type":"EntryPoint","urlTemplate":"https:\/\/www.airnivol.com\/?s={search_term_string}"},"query-input":"required name=search_term_string"}],"inLanguage":"fr-FR"},{"@type":"Organization","@id":"https:\/\/www.airnivol.com\/#organization","name":"AirNivol","url":"https:\/\/www.airnivol.com\/","logo":{"@type":"ImageObject","inLanguage":"fr-FR","@id":"https:\/\/www.airnivol.com\/#\/schema\/logo\/image\/","url":"https:\/\/www.airnivol.com\/wp-content\/uploads\/2022\/10\/logo-1.png","contentUrl":"https:\/\/www.airnivol.com\/wp-content\/uploads\/2022\/10\/logo-1.png","width":376,"height":84,"caption":"AirNivol"},"image":{"@id":"https:\/\/www.airnivol.com\/#\/schema\/logo\/image\/"}}]}},"_links":{"self":[{"href":"https:\/\/www.airnivol.com\/fr\/wp-json\/wp\/v2\/pages\/1657","targetHints":{"allow":["GET"]}}],"collection":[{"href":"https:\/\/www.airnivol.com\/fr\/wp-json\/wp\/v2\/pages"}],"about":[{"href":"https:\/\/www.airnivol.com\/fr\/wp-json\/wp\/v2\/types\/page"}],"author":[{"embeddable":true,"href":"https:\/\/www.airnivol.com\/fr\/wp-json\/wp\/v2\/users\/1"}],"replies":[{"embeddable":true,"href":"https:\/\/www.airnivol.com\/fr\/wp-json\/wp\/v2\/comments?post=1657"}],"version-history":[{"count":3,"href":"https:\/\/www.airnivol.com\/fr\/wp-json\/wp\/v2\/pages\/1657\/revisions"}],"predecessor-version":[{"id":1663,"href":"https:\/\/www.airnivol.com\/fr\/wp-json\/wp\/v2\/pages\/1657\/revisions\/1663"}],"wp:attachment":[{"href":"https:\/\/www.airnivol.com\/fr\/wp-json\/wp\/v2\/media?parent=1657"}],"curies":[{"name":"wp","href":"https:\/\/api.w.org\/{rel}","templated":true}]}}