{"id":1658,"date":"2022-10-19T11:45:09","date_gmt":"2022-10-19T11:45:09","guid":{"rendered":"https:\/\/www.airnivol.com\/apertura-account\/"},"modified":"2022-10-20T06:51:18","modified_gmt":"2022-10-20T06:51:18","slug":"apertura-de-cuentas","status":"publish","type":"page","link":"https:\/\/www.airnivol.com\/es\/apertura-de-cuentas\/","title":{"rendered":"Apertura de cuentas"},"content":{"rendered":"<div class=\"wpcf7 no-js\" id=\"wpcf7-f1655-o1\" lang=\"es-ES\" dir=\"ltr\">\n<div class=\"screen-reader-response\"><p role=\"status\" aria-live=\"polite\" aria-atomic=\"true\"><\/p> <ul><\/ul><\/div>\n<form action=\"\/es\/wp-json\/wp\/v2\/pages\/1658#wpcf7-f1655-o1\" method=\"post\" class=\"wpcf7-form init\" aria-label=\"Formulario de contacto\" novalidate=\"novalidate\" data-status=\"init\">\n<div style=\"display: none;\">\n<input type=\"hidden\" name=\"_wpcf7\" value=\"1655\" \/>\n<input type=\"hidden\" name=\"_wpcf7_version\" value=\"5.7.1\" \/>\n<input type=\"hidden\" name=\"_wpcf7_locale\" value=\"es_ES\" \/>\n<input type=\"hidden\" name=\"_wpcf7_unit_tag\" value=\"wpcf7-f1655-o1\" \/>\n<input type=\"hidden\" name=\"_wpcf7_container_post\" value=\"0\" \/>\n<input type=\"hidden\" name=\"_wpcf7_posted_data_hash\" value=\"\" \/>\n<input type=\"hidden\" name=\"_wpcf7_recaptcha_response\" value=\"\" \/>\n<\/div>\n<div class=\"row\">\n\t<div class=\"col-5 form-label\">\n\t\t<p>Doctor\n\t\t<\/p>\n\t<\/div>\n\t<div class=\"col-7\">\n\t\t<p><span class=\"wpcf7-form-control-wrap\" data-name=\"dottore\"><input size=\"40\" class=\"wpcf7-form-control wpcf7-text wpcf7-validates-as-required\" aria-required=\"true\" aria-invalid=\"false\" value=\"\" type=\"text\" name=\"dottore\" \/><\/span>\n\t\t<\/p>\n\t<\/div>\n\t<div class=\"col-5 form-label\">\n\t\t<p>Pr\u00e1ctica odontol\u00f3gica\n\t\t<\/p>\n\t<\/div>\n\t<div class=\"col-7\">\n\t\t<p><span class=\"wpcf7-form-control-wrap\" data-name=\"studio\"><input size=\"40\" class=\"wpcf7-form-control wpcf7-text wpcf7-validates-as-required\" aria-required=\"true\" aria-invalid=\"false\" value=\"\" type=\"text\" name=\"studio\" \/><\/span>\n\t\t<\/p>\n\t<\/div>\n\t<div class=\"col-5 form-label\">\n\t\t<p>Correo electr\u00f3nico\n\t\t<\/p>\n\t<\/div>\n\t<div class=\"col-7\">\n\t\t<p><span class=\"wpcf7-form-control-wrap\" data-name=\"your-email\"><input size=\"40\" class=\"wpcf7-form-control wpcf7-text wpcf7-email wpcf7-validates-as-required wpcf7-validates-as-email\" aria-required=\"true\" aria-invalid=\"false\" value=\"\" type=\"email\" name=\"your-email\" \/><\/span>\n\t\t<\/p>\n\t<\/div>\n\t<div class=\"col-5 form-label\">\n\t\t<p>N\u00famero de tel\u00e9fono m\u00f3vil\n\t\t<\/p>\n\t<\/div>\n\t<div class=\"col-7\">\n\t\t<p><span class=\"wpcf7-form-control-wrap\" data-name=\"tel-224\"><input size=\"40\" class=\"wpcf7-form-control wpcf7-text wpcf7-tel wpcf7-validates-as-required wpcf7-validates-as-tel\" aria-required=\"true\" aria-invalid=\"false\" value=\"\" type=\"tel\" name=\"tel-224\" \/><\/span>\n\t\t<\/p>\n\t<\/div>\n\t<div class=\"col-5 form-label\">\n\t\t<p>N\u00famero de pr\u00e1ctica odontol\u00f3gica\n\t\t<\/p>\n\t<\/div>\n\t<div class=\"col-7\">\n\t\t<p><span class=\"wpcf7-form-control-wrap\" data-name=\"tel-225\"><input size=\"40\" class=\"wpcf7-form-control wpcf7-text wpcf7-tel wpcf7-validates-as-required wpcf7-validates-as-tel\" aria-required=\"true\" aria-invalid=\"false\" value=\"\" type=\"tel\" name=\"tel-225\" \/><\/span>\n\t\t<\/p>\n\t<\/div>\n\t<div class=\"col-5 form-label\">\n\t\t<p>CIF\/NIF\n\t\t<\/p>\n\t<\/div>\n\t<div class=\"col-7\">\n\t\t<p><span class=\"wpcf7-form-control-wrap\" data-name=\"CIF\"><input size=\"40\" class=\"wpcf7-form-control wpcf7-text wpcf7-validates-as-required\" aria-required=\"true\" aria-invalid=\"false\" value=\"\" type=\"text\" name=\"CIF\" \/><\/span>\n\t\t<\/p>\n\t<\/div>\n\t<div class=\"col-5 form-label\">\n\t\t<p>Direcci\u00f3n\n\t\t<\/p>\n\t<\/div>\n\t<div class=\"col-7\">\n\t\t<p><span class=\"wpcf7-form-control-wrap\" data-name=\"indirizzo\"><input size=\"40\" class=\"wpcf7-form-control wpcf7-text wpcf7-validates-as-required\" aria-required=\"true\" aria-invalid=\"false\" value=\"\" type=\"text\" name=\"indirizzo\" \/><\/span>\n\t\t<\/p>\n\t<\/div>\n\t<div class=\"col-5 form-label\">\n\t\t<p>C\u00d3DIGO POSTAL\n\t\t<\/p>\n\t<\/div>\n\t<div class=\"col-7\">\n\t\t<p><span class=\"wpcf7-form-control-wrap\" data-name=\"cap\"><input size=\"40\" class=\"wpcf7-form-control wpcf7-text wpcf7-validates-as-required\" aria-required=\"true\" aria-invalid=\"false\" value=\"\" type=\"text\" name=\"cap\" \/><\/span>\n\t\t<\/p>\n\t<\/div>\n\t<div class=\"col-5 form-label\">\n\t\t<p>Ciudad\n\t\t<\/p>\n\t<\/div>\n\t<div class=\"col-7\">\n\t\t<p><span class=\"wpcf7-form-control-wrap\" data-name=\"citta\"><input size=\"40\" class=\"wpcf7-form-control wpcf7-text wpcf7-validates-as-required\" aria-required=\"true\" aria-invalid=\"false\" value=\"\" type=\"text\" name=\"citta\" \/><\/span>\n\t\t<\/p>\n\t<\/div>\n\t<div class=\"col-5 form-label\">\n\t\t<p>Estado \/ Provincia \/ Regi\u00f3n\n\t\t<\/p>\n\t<\/div>\n\t<div class=\"col-7\">\n\t\t<p><span class=\"wpcf7-form-control-wrap\" data-name=\"stato\"><input size=\"40\" class=\"wpcf7-form-control wpcf7-text wpcf7-validates-as-required\" aria-required=\"true\" aria-invalid=\"false\" value=\"\" type=\"text\" name=\"stato\" \/><\/span>\n\t\t<\/p>\n\t<\/div>\n\t<div class=\"col-5 form-label\">\n\t\t<p>Facebook\n\t\t<\/p>\n\t<\/div>\n\t<div class=\"col-7\">\n\t\t<p><span class=\"wpcf7-form-control-wrap\" data-name=\"facebook\"><input size=\"40\" class=\"wpcf7-form-control wpcf7-text\" aria-invalid=\"false\" value=\"\" type=\"text\" name=\"facebook\" \/><\/span>\n\t\t<\/p>\n\t<\/div>\n\t<div class=\"col-5 form-label mt-4\">\n\t\t<p>\u00bfC\u00f3mo se enter\u00f3 de nuestra existencia?\n\t\t<\/p>\n\t<\/div>\n\t<div class=\"col-7 mt-4\">\n\t\t<p><span class=\"wpcf7-form-control-wrap\" data-name=\"radio-459\"><span class=\"wpcf7-form-control wpcf7-radio\"><span class=\"wpcf7-list-item first\"><label><input type=\"radio\" name=\"radio-459\" value=\"Distribuidor \/ Agente de ventas\" checked=\"checked\" tabindex=\"\" \/><span class=\"wpcf7-list-item-label\">Distribuidor \/ Agente de ventas<\/span><\/label><\/span><span class=\"wpcf7-list-item\"><label><input type=\"radio\" name=\"radio-459\" value=\"Redes sociales\" tabindex=\"\" \/><span class=\"wpcf7-list-item-label\">Redes sociales<\/span><\/label><\/span><span class=\"wpcf7-list-item\"><label><input type=\"radio\" name=\"radio-459\" value=\"P\u00e1gina web de AirNivol\" tabindex=\"\" \/><span class=\"wpcf7-list-item-label\">P\u00e1gina web de AirNivol<\/span><\/label><\/span><span class=\"wpcf7-list-item\"><label><input type=\"radio\" name=\"radio-459\" value=\"Anuncio en una revista\" tabindex=\"\" \/><span class=\"wpcf7-list-item-label\">Anuncio en una revista<\/span><\/label><\/span><span class=\"wpcf7-list-item\"><label><input type=\"radio\" name=\"radio-459\" value=\"De un colega\" tabindex=\"\" \/><span class=\"wpcf7-list-item-label\">De un colega<\/span><\/label><\/span><span class=\"wpcf7-list-item last\"><label><input type=\"radio\" name=\"radio-459\" value=\"Otros\" tabindex=\"\" \/><span class=\"wpcf7-list-item-label\">Otros<\/span><\/label><\/span><\/span><\/span>\n\t\t<\/p>\n\t<\/div>\n\t<div class=\"col-5 form-label\">\n\t\t<p>Si ha seleccionado \"Otros\", especifique:\n\t\t<\/p>\n\t<\/div>\n\t<div class=\"col-7\">\n\t\t<p><span class=\"wpcf7-form-control-wrap\" data-name=\"altro-conoscenza\"><input size=\"40\" class=\"wpcf7-form-control wpcf7-text\" aria-invalid=\"false\" value=\"\" type=\"text\" name=\"altro-conoscenza\" \/><\/span>\n\t\t<\/p>\n\t<\/div>\n\t<div class=\"col-5 form-label mt-4\">\n\t\t<p>\u00bfHa tratado alguna vez casos de ortodoncia con alineadores transparentes?\n\t\t<\/p>\n\t<\/div>\n\t<div class=\"col-7 mt-4\">\n\t\t<p><span class=\"wpcf7-form-control-wrap\" data-name=\"radio-460\"><span class=\"wpcf7-form-control wpcf7-radio\"><span class=\"wpcf7-list-item first\"><label><input type=\"radio\" name=\"radio-460\" value=\"S\u00ed, ya he utilizado los alineadores AirNivol\" checked=\"checked\" tabindex=\"\" \/><span class=\"wpcf7-list-item-label\">S\u00ed, ya he utilizado los alineadores AirNivol<\/span><\/label><\/span><span class=\"wpcf7-list-item\"><label><input type=\"radio\" name=\"radio-460\" value=\"S\u00ed, he utilizado otras marcas de alineadores\" tabindex=\"\" \/><span class=\"wpcf7-list-item-label\">S\u00ed, he utilizado otras marcas de alineadores<\/span><\/label><\/span><span class=\"wpcf7-list-item\"><label><input type=\"radio\" name=\"radio-460\" value=\"No, siempre he utilizado otros sistemas de ortodoncia\" tabindex=\"\" \/><span class=\"wpcf7-list-item-label\">No, siempre he utilizado otros sistemas de ortodoncia<\/span><\/label><\/span><span class=\"wpcf7-list-item last\"><label><input type=\"radio\" name=\"radio-460\" value=\"Otros\" tabindex=\"\" \/><span class=\"wpcf7-list-item-label\">Otros<\/span><\/label><\/span><\/span><\/span>\n\t\t<\/p>\n\t<\/div>\n\t<div class=\"col-5 form-label\">\n\t\t<p>Si ha seleccionado \"Otros\", especifique:\n\t\t<\/p>\n\t<\/div>\n\t<div class=\"col-7\">\n\t\t<p><span class=\"wpcf7-form-control-wrap\" data-name=\"altro-casi\"><input size=\"40\" class=\"wpcf7-form-control wpcf7-text\" aria-invalid=\"false\" value=\"\" type=\"text\" name=\"altro-casi\" \/><\/span>\n\t\t<\/p>\n\t<\/div>\n\t<div class=\"col-5 form-label mt-4\">\n\t\t<p>\u00bfHa asistido a un curso de certificaci\u00f3n de AirNivol?\n\t\t<\/p>\n\t<\/div>\n\t<div class=\"col-7 mt-4\">\n\t\t<p><span class=\"wpcf7-form-control-wrap\" data-name=\"radio-461\"><span class=\"wpcf7-form-control wpcf7-radio\"><span class=\"wpcf7-list-item first\"><label><input type=\"radio\" name=\"radio-461\" value=\"S\u00ed\" checked=\"checked\" tabindex=\"\" \/><span class=\"wpcf7-list-item-label\">S\u00ed<\/span><\/label><\/span><span class=\"wpcf7-list-item last\"><label><input type=\"radio\" name=\"radio-461\" value=\"No\" tabindex=\"\" \/><span class=\"wpcf7-list-item-label\">No<\/span><\/label><\/span><\/span><\/span>\n\t\t<\/p>\n\t<\/div>\n\t<div class=\"col-5 form-label mt-4\">\n\t\t<p>Doy mi consentimiento para que se publique en el sitio web <a href=\"https:\/\/www.airnivol.com\">www.airnivol.com,<\/a> en el \u00e1rea de \"b\u00fasqueda de dentistas\".\n\t\t<\/p>\n\t<\/div>\n\t<div class=\"col-7 mt-4\">\n\t\t<p><span class=\"wpcf7-form-control-wrap\" data-name=\"radio-462\"><span class=\"wpcf7-form-control wpcf7-radio\"><span class=\"wpcf7-list-item first\"><label><input type=\"radio\" name=\"radio-462\" value=\"S\u00ed\" checked=\"checked\" tabindex=\"\" \/><span class=\"wpcf7-list-item-label\">S\u00ed<\/span><\/label><\/span><span class=\"wpcf7-list-item last\"><label><input type=\"radio\" name=\"radio-462\" value=\"No\" tabindex=\"\" \/><span class=\"wpcf7-list-item-label\">No<\/span><\/label><\/span><\/span><\/span>\n\t\t<\/p>\n\t<\/div>\n<\/div>\n<div class=\"row\">\n\t<div class=\"col-6\">\n\t<\/div>\n\t<div class=\"col-6 accettazione-txt form-label\">\n\t\t<p><input class=\"wpcf7-form-control has-spinner wpcf7-submit\" type=\"submit\" value=\"ENVIAR\" \/>\n\t\t<\/p>\n\t<\/div>\n<\/div><div class=\"wpcf7-response-output\" aria-hidden=\"true\"><\/div><\/form><\/div>\n","protected":false},"excerpt":{"rendered":"<p> [&#8230;]<\/p>\n<p><a class=\"btn btn-secondary understrap-read-more-link\" href=\"https:\/\/www.airnivol.com\/es\/apertura-de-cuentas\/\">Leer m\u00e1s&#8230;<span class=\"screen-reader-text\"> from Apertura de cuentas<\/span><\/a><\/p>\n","protected":false},"author":1,"featured_media":0,"parent":0,"menu_order":0,"comment_status":"closed","ping_status":"closed","template":"","meta":{"footnotes":""},"class_list":["post-1658","page","type-page","status-publish","hentry"],"acf":[],"yoast_head":"<!-- This site is optimized with the Yoast SEO plugin v19.13 - https:\/\/yoast.com\/wordpress\/plugins\/seo\/ -->\n<title>Apertura de cuentas | AirNivol<\/title>\n<meta name=\"robots\" content=\"index, follow, max-snippet:-1, max-image-preview:large, max-video-preview:-1\" \/>\n<link rel=\"canonical\" href=\"https:\/\/www.airnivol.com\/es\/apertura-de-cuentas\/\" \/>\n<meta property=\"og:locale\" content=\"es_ES\" \/>\n<meta property=\"og:type\" content=\"article\" \/>\n<meta property=\"og:title\" content=\"Apertura de cuentas | AirNivol\" \/>\n<meta property=\"og:description\" content=\"[...]Leer m\u00e1s... from Apertura de cuentas\" \/>\n<meta property=\"og:url\" content=\"https:\/\/www.airnivol.com\/es\/apertura-de-cuentas\/\" \/>\n<meta property=\"og:site_name\" content=\"AirNivol\" \/>\n<meta property=\"article:modified_time\" content=\"2022-10-20T06:51:18+00:00\" \/>\n<meta name=\"twitter:card\" content=\"summary_large_image\" \/>\n<script type=\"application\/ld+json\" class=\"yoast-schema-graph\">{\"@context\":\"https:\/\/schema.org\",\"@graph\":[{\"@type\":\"WebPage\",\"@id\":\"https:\/\/www.airnivol.com\/es\/apertura-de-cuentas\/\",\"url\":\"https:\/\/www.airnivol.com\/es\/apertura-de-cuentas\/\",\"name\":\"Apertura de cuentas | AirNivol\",\"isPartOf\":{\"@id\":\"https:\/\/www.airnivol.com\/#website\"},\"datePublished\":\"2022-10-19T11:45:09+00:00\",\"dateModified\":\"2022-10-20T06:51:18+00:00\",\"breadcrumb\":{\"@id\":\"https:\/\/www.airnivol.com\/es\/apertura-de-cuentas\/#breadcrumb\"},\"inLanguage\":\"es\",\"potentialAction\":[{\"@type\":\"ReadAction\",\"target\":[\"https:\/\/www.airnivol.com\/es\/apertura-de-cuentas\/\"]}]},{\"@type\":\"BreadcrumbList\",\"@id\":\"https:\/\/www.airnivol.com\/es\/apertura-de-cuentas\/#breadcrumb\",\"itemListElement\":[{\"@type\":\"ListItem\",\"position\":1,\"name\":\"Home\",\"item\":\"https:\/\/www.airnivol.com\/es\/\"},{\"@type\":\"ListItem\",\"position\":2,\"name\":\"Apertura de cuentas\"}]},{\"@type\":\"WebSite\",\"@id\":\"https:\/\/www.airnivol.com\/#website\",\"url\":\"https:\/\/www.airnivol.com\/\",\"name\":\"AirNivol\",\"description\":\"\",\"publisher\":{\"@id\":\"https:\/\/www.airnivol.com\/#organization\"},\"potentialAction\":[{\"@type\":\"SearchAction\",\"target\":{\"@type\":\"EntryPoint\",\"urlTemplate\":\"https:\/\/www.airnivol.com\/?s={search_term_string}\"},\"query-input\":\"required name=search_term_string\"}],\"inLanguage\":\"es\"},{\"@type\":\"Organization\",\"@id\":\"https:\/\/www.airnivol.com\/#organization\",\"name\":\"AirNivol\",\"url\":\"https:\/\/www.airnivol.com\/\",\"logo\":{\"@type\":\"ImageObject\",\"inLanguage\":\"es\",\"@id\":\"https:\/\/www.airnivol.com\/#\/schema\/logo\/image\/\",\"url\":\"https:\/\/www.airnivol.com\/wp-content\/uploads\/2022\/10\/logo-1.png\",\"contentUrl\":\"https:\/\/www.airnivol.com\/wp-content\/uploads\/2022\/10\/logo-1.png\",\"width\":376,\"height\":84,\"caption\":\"AirNivol\"},\"image\":{\"@id\":\"https:\/\/www.airnivol.com\/#\/schema\/logo\/image\/\"}}]}<\/script>\n<!-- \/ Yoast SEO plugin. -->","yoast_head_json":{"title":"Apertura de cuentas | AirNivol","robots":{"index":"index","follow":"follow","max-snippet":"max-snippet:-1","max-image-preview":"max-image-preview:large","max-video-preview":"max-video-preview:-1"},"canonical":"https:\/\/www.airnivol.com\/es\/apertura-de-cuentas\/","og_locale":"es_ES","og_type":"article","og_title":"Apertura de cuentas | AirNivol","og_description":"[...]Leer m\u00e1s... from Apertura de cuentas","og_url":"https:\/\/www.airnivol.com\/es\/apertura-de-cuentas\/","og_site_name":"AirNivol","article_modified_time":"2022-10-20T06:51:18+00:00","twitter_card":"summary_large_image","schema":{"@context":"https:\/\/schema.org","@graph":[{"@type":"WebPage","@id":"https:\/\/www.airnivol.com\/es\/apertura-de-cuentas\/","url":"https:\/\/www.airnivol.com\/es\/apertura-de-cuentas\/","name":"Apertura de cuentas | AirNivol","isPartOf":{"@id":"https:\/\/www.airnivol.com\/#website"},"datePublished":"2022-10-19T11:45:09+00:00","dateModified":"2022-10-20T06:51:18+00:00","breadcrumb":{"@id":"https:\/\/www.airnivol.com\/es\/apertura-de-cuentas\/#breadcrumb"},"inLanguage":"es","potentialAction":[{"@type":"ReadAction","target":["https:\/\/www.airnivol.com\/es\/apertura-de-cuentas\/"]}]},{"@type":"BreadcrumbList","@id":"https:\/\/www.airnivol.com\/es\/apertura-de-cuentas\/#breadcrumb","itemListElement":[{"@type":"ListItem","position":1,"name":"Home","item":"https:\/\/www.airnivol.com\/es\/"},{"@type":"ListItem","position":2,"name":"Apertura de cuentas"}]},{"@type":"WebSite","@id":"https:\/\/www.airnivol.com\/#website","url":"https:\/\/www.airnivol.com\/","name":"AirNivol","description":"","publisher":{"@id":"https:\/\/www.airnivol.com\/#organization"},"potentialAction":[{"@type":"SearchAction","target":{"@type":"EntryPoint","urlTemplate":"https:\/\/www.airnivol.com\/?s={search_term_string}"},"query-input":"required name=search_term_string"}],"inLanguage":"es"},{"@type":"Organization","@id":"https:\/\/www.airnivol.com\/#organization","name":"AirNivol","url":"https:\/\/www.airnivol.com\/","logo":{"@type":"ImageObject","inLanguage":"es","@id":"https:\/\/www.airnivol.com\/#\/schema\/logo\/image\/","url":"https:\/\/www.airnivol.com\/wp-content\/uploads\/2022\/10\/logo-1.png","contentUrl":"https:\/\/www.airnivol.com\/wp-content\/uploads\/2022\/10\/logo-1.png","width":376,"height":84,"caption":"AirNivol"},"image":{"@id":"https:\/\/www.airnivol.com\/#\/schema\/logo\/image\/"}}]}},"_links":{"self":[{"href":"https:\/\/www.airnivol.com\/es\/wp-json\/wp\/v2\/pages\/1658","targetHints":{"allow":["GET"]}}],"collection":[{"href":"https:\/\/www.airnivol.com\/es\/wp-json\/wp\/v2\/pages"}],"about":[{"href":"https:\/\/www.airnivol.com\/es\/wp-json\/wp\/v2\/types\/page"}],"author":[{"embeddable":true,"href":"https:\/\/www.airnivol.com\/es\/wp-json\/wp\/v2\/users\/1"}],"replies":[{"embeddable":true,"href":"https:\/\/www.airnivol.com\/es\/wp-json\/wp\/v2\/comments?post=1658"}],"version-history":[{"count":2,"href":"https:\/\/www.airnivol.com\/es\/wp-json\/wp\/v2\/pages\/1658\/revisions"}],"predecessor-version":[{"id":1665,"href":"https:\/\/www.airnivol.com\/es\/wp-json\/wp\/v2\/pages\/1658\/revisions\/1665"}],"wp:attachment":[{"href":"https:\/\/www.airnivol.com\/es\/wp-json\/wp\/v2\/media?parent=1658"}],"curies":[{"name":"wp","href":"https:\/\/api.w.org\/{rel}","templated":true}]}}