{"id":1265,"date":"2022-03-17T13:53:28","date_gmt":"2022-03-17T13:53:28","guid":{"rendered":"https:\/\/www.airnivol.com\/area-profesional\/eventi-e-formazione\/"},"modified":"2022-10-11T15:41:48","modified_gmt":"2022-10-11T15:41:48","slug":"eventos-y-formacion","status":"publish","type":"page","link":"https:\/\/www.airnivol.com\/es\/area-profesional\/eventos-y-formacion\/","title":{"rendered":"Eventos y formaci\u00f3n"},"content":{"rendered":"","protected":false},"excerpt":{"rendered":"<p> [&#8230;]<\/p>\n<p><a class=\"btn btn-secondary understrap-read-more-link\" href=\"https:\/\/www.airnivol.com\/es\/area-profesional\/eventos-y-formacion\/\">Leer m\u00e1s&#8230;<span class=\"screen-reader-text\"> from Eventos y formaci\u00f3n<\/span><\/a><\/p>\n","protected":false},"author":1,"featured_media":0,"parent":1251,"menu_order":0,"comment_status":"closed","ping_status":"closed","template":"page-tempates\/eventi-formazione.php","meta":{"footnotes":""},"class_list":["post-1265","page","type-page","status-publish","hentry"],"acf":[],"yoast_head":"<!-- This site is optimized with the Yoast SEO plugin v19.13 - https:\/\/yoast.com\/wordpress\/plugins\/seo\/ -->\n<title>Eventos y formaci\u00f3n | AirNivol<\/title>\n<meta name=\"robots\" content=\"index, follow, max-snippet:-1, max-image-preview:large, max-video-preview:-1\" \/>\n<link rel=\"canonical\" href=\"https:\/\/www.airnivol.com\/es\/area-profesional\/eventos-y-formacion\/\" \/>\n<meta property=\"og:locale\" content=\"es_ES\" \/>\n<meta property=\"og:type\" content=\"article\" \/>\n<meta property=\"og:title\" content=\"Eventos y formaci\u00f3n | AirNivol\" \/>\n<meta property=\"og:description\" content=\"[...]Leer m\u00e1s... from Eventos y formaci\u00f3n\" \/>\n<meta property=\"og:url\" content=\"https:\/\/www.airnivol.com\/es\/area-profesional\/eventos-y-formacion\/\" \/>\n<meta property=\"og:site_name\" content=\"AirNivol\" \/>\n<meta property=\"article:modified_time\" content=\"2022-10-11T15:41:48+00:00\" \/>\n<meta name=\"twitter:card\" content=\"summary_large_image\" \/>\n<script type=\"application\/ld+json\" class=\"yoast-schema-graph\">{\"@context\":\"https:\/\/schema.org\",\"@graph\":[{\"@type\":\"WebPage\",\"@id\":\"https:\/\/www.airnivol.com\/es\/area-profesional\/eventos-y-formacion\/\",\"url\":\"https:\/\/www.airnivol.com\/es\/area-profesional\/eventos-y-formacion\/\",\"name\":\"Eventos y formaci\u00f3n | AirNivol\",\"isPartOf\":{\"@id\":\"https:\/\/www.airnivol.com\/#website\"},\"datePublished\":\"2022-03-17T13:53:28+00:00\",\"dateModified\":\"2022-10-11T15:41:48+00:00\",\"breadcrumb\":{\"@id\":\"https:\/\/www.airnivol.com\/es\/area-profesional\/eventos-y-formacion\/#breadcrumb\"},\"inLanguage\":\"es\",\"potentialAction\":[{\"@type\":\"ReadAction\",\"target\":[\"https:\/\/www.airnivol.com\/es\/area-profesional\/eventos-y-formacion\/\"]}]},{\"@type\":\"BreadcrumbList\",\"@id\":\"https:\/\/www.airnivol.com\/es\/area-profesional\/eventos-y-formacion\/#breadcrumb\",\"itemListElement\":[{\"@type\":\"ListItem\",\"position\":1,\"name\":\"Home\",\"item\":\"https:\/\/www.airnivol.com\/es\/\"},{\"@type\":\"ListItem\",\"position\":2,\"name\":\"\u00c1rea profesional\",\"item\":\"https:\/\/www.airnivol.com\/es\/area-profesional\/\"},{\"@type\":\"ListItem\",\"position\":3,\"name\":\"Eventos y formaci\u00f3n\"}]},{\"@type\":\"WebSite\",\"@id\":\"https:\/\/www.airnivol.com\/#website\",\"url\":\"https:\/\/www.airnivol.com\/\",\"name\":\"AirNivol\",\"description\":\"\",\"publisher\":{\"@id\":\"https:\/\/www.airnivol.com\/#organization\"},\"potentialAction\":[{\"@type\":\"SearchAction\",\"target\":{\"@type\":\"EntryPoint\",\"urlTemplate\":\"https:\/\/www.airnivol.com\/?s={search_term_string}\"},\"query-input\":\"required name=search_term_string\"}],\"inLanguage\":\"es\"},{\"@type\":\"Organization\",\"@id\":\"https:\/\/www.airnivol.com\/#organization\",\"name\":\"AirNivol\",\"url\":\"https:\/\/www.airnivol.com\/\",\"logo\":{\"@type\":\"ImageObject\",\"inLanguage\":\"es\",\"@id\":\"https:\/\/www.airnivol.com\/#\/schema\/logo\/image\/\",\"url\":\"https:\/\/www.airnivol.com\/wp-content\/uploads\/2022\/10\/logo-1.png\",\"contentUrl\":\"https:\/\/www.airnivol.com\/wp-content\/uploads\/2022\/10\/logo-1.png\",\"width\":376,\"height\":84,\"caption\":\"AirNivol\"},\"image\":{\"@id\":\"https:\/\/www.airnivol.com\/#\/schema\/logo\/image\/\"}}]}<\/script>\n<!-- \/ Yoast SEO plugin. -->","yoast_head_json":{"title":"Eventos y formaci\u00f3n | AirNivol","robots":{"index":"index","follow":"follow","max-snippet":"max-snippet:-1","max-image-preview":"max-image-preview:large","max-video-preview":"max-video-preview:-1"},"canonical":"https:\/\/www.airnivol.com\/es\/area-profesional\/eventos-y-formacion\/","og_locale":"es_ES","og_type":"article","og_title":"Eventos y formaci\u00f3n | AirNivol","og_description":"[...]Leer m\u00e1s... from Eventos y formaci\u00f3n","og_url":"https:\/\/www.airnivol.com\/es\/area-profesional\/eventos-y-formacion\/","og_site_name":"AirNivol","article_modified_time":"2022-10-11T15:41:48+00:00","twitter_card":"summary_large_image","schema":{"@context":"https:\/\/schema.org","@graph":[{"@type":"WebPage","@id":"https:\/\/www.airnivol.com\/es\/area-profesional\/eventos-y-formacion\/","url":"https:\/\/www.airnivol.com\/es\/area-profesional\/eventos-y-formacion\/","name":"Eventos y formaci\u00f3n | AirNivol","isPartOf":{"@id":"https:\/\/www.airnivol.com\/#website"},"datePublished":"2022-03-17T13:53:28+00:00","dateModified":"2022-10-11T15:41:48+00:00","breadcrumb":{"@id":"https:\/\/www.airnivol.com\/es\/area-profesional\/eventos-y-formacion\/#breadcrumb"},"inLanguage":"es","potentialAction":[{"@type":"ReadAction","target":["https:\/\/www.airnivol.com\/es\/area-profesional\/eventos-y-formacion\/"]}]},{"@type":"BreadcrumbList","@id":"https:\/\/www.airnivol.com\/es\/area-profesional\/eventos-y-formacion\/#breadcrumb","itemListElement":[{"@type":"ListItem","position":1,"name":"Home","item":"https:\/\/www.airnivol.com\/es\/"},{"@type":"ListItem","position":2,"name":"\u00c1rea profesional","item":"https:\/\/www.airnivol.com\/es\/area-profesional\/"},{"@type":"ListItem","position":3,"name":"Eventos y formaci\u00f3n"}]},{"@type":"WebSite","@id":"https:\/\/www.airnivol.com\/#website","url":"https:\/\/www.airnivol.com\/","name":"AirNivol","description":"","publisher":{"@id":"https:\/\/www.airnivol.com\/#organization"},"potentialAction":[{"@type":"SearchAction","target":{"@type":"EntryPoint","urlTemplate":"https:\/\/www.airnivol.com\/?s={search_term_string}"},"query-input":"required name=search_term_string"}],"inLanguage":"es"},{"@type":"Organization","@id":"https:\/\/www.airnivol.com\/#organization","name":"AirNivol","url":"https:\/\/www.airnivol.com\/","logo":{"@type":"ImageObject","inLanguage":"es","@id":"https:\/\/www.airnivol.com\/#\/schema\/logo\/image\/","url":"https:\/\/www.airnivol.com\/wp-content\/uploads\/2022\/10\/logo-1.png","contentUrl":"https:\/\/www.airnivol.com\/wp-content\/uploads\/2022\/10\/logo-1.png","width":376,"height":84,"caption":"AirNivol"},"image":{"@id":"https:\/\/www.airnivol.com\/#\/schema\/logo\/image\/"}}]}},"_links":{"self":[{"href":"https:\/\/www.airnivol.com\/es\/wp-json\/wp\/v2\/pages\/1265","targetHints":{"allow":["GET"]}}],"collection":[{"href":"https:\/\/www.airnivol.com\/es\/wp-json\/wp\/v2\/pages"}],"about":[{"href":"https:\/\/www.airnivol.com\/es\/wp-json\/wp\/v2\/types\/page"}],"author":[{"embeddable":true,"href":"https:\/\/www.airnivol.com\/es\/wp-json\/wp\/v2\/users\/1"}],"replies":[{"embeddable":true,"href":"https:\/\/www.airnivol.com\/es\/wp-json\/wp\/v2\/comments?post=1265"}],"version-history":[{"count":5,"href":"https:\/\/www.airnivol.com\/es\/wp-json\/wp\/v2\/pages\/1265\/revisions"}],"predecessor-version":[{"id":1485,"href":"https:\/\/www.airnivol.com\/es\/wp-json\/wp\/v2\/pages\/1265\/revisions\/1485"}],"up":[{"embeddable":true,"href":"https:\/\/www.airnivol.com\/es\/wp-json\/wp\/v2\/pages\/1251"}],"wp:attachment":[{"href":"https:\/\/www.airnivol.com\/es\/wp-json\/wp\/v2\/media?parent=1265"}],"curies":[{"name":"wp","href":"https:\/\/api.w.org\/{rel}","templated":true}]}}